{"id":43,"date":"2018-07-03T19:07:16","date_gmt":"2018-07-03T17:07:16","guid":{"rendered":"https:\/\/textschlampe.de\/?page_id=43"},"modified":"2018-07-03T19:07:16","modified_gmt":"2018-07-03T17:07:16","slug":"das-kommt-vom-rudern","status":"publish","type":"page","link":"https:\/\/textschlampe.de\/?page_id=43","title":{"rendered":"Das kommt vom Rudern"},"content":{"rendered":"<div>Tritt der Mensch in&#8217;s Leben ein, ist er meistens noch sehr klein,<br \/>\ndoch er w\u00e4chst sobald heran, zu einer Jungfrau oder Mann.<br \/>\nKann noch nicht rudern, kann noch nicht segeln,<br \/>\nkann noch nicht Fische fangen auf hoher See.<\/div>\n<div>14 Jahre ist er alt, aus der Schule kommt er bald<br \/>\nund er m\u00f6cht&#8216; so gern einmal probieren, die kleinen M\u00e4dchen zu verf\u00fchren.<br \/>\nEr m\u00f6chte rudern &#8230;<\/div>\n<div>18 Jahre ist er alt und die Jungfer 17 bald,<br \/>\nund sie ist zu jeder Zeit, zu jeder Stunde gern bereit.<br \/>\nEinmal zu rudern &#8230;<\/div>\n<div>30 Jahre ist das Paar, ringsherum die Kinderschar,<br \/>\nund es hat so seine Not, wenn sie schrei&#8217;n ums t\u00e4glich Brot.<br \/>\nDas kommt vom rudern &#8230;<\/div>\n<div>60 Jahre ist er alt, die Harpune ist schon kalt,<br \/>\nund er kann beim besten Will&#8217;n, den Wunsch der Frau nicht mehr erf\u00fcll&#8217;n.<br \/>\nKann nicht mehr rudern &#8230;<\/div>\n<div>90 Jahre ist der Greis, und sein Haar ist silberwei\u00df,<br \/>\nund er denkt so dann und wann, ob er im jenseits noch mal kann.<br \/>\nNoch einmal rudern &#8230;<\/div>\n<div>100 Jahr ein der Gruft, kommt ein K\u00e4fer angeschlufft,<br \/>\nsieht sich das Gerippe an und sagt: Das war ein Mann.<br \/>\nDer konnte rudern &#8230;<\/div>\n","protected":false},"excerpt":{"rendered":"<p>Tritt der Mensch in&#8217;s Leben ein, ist er meistens noch sehr klein, doch er w\u00e4chst sobald heran, zu einer Jungfrau oder Mann. Kann noch nicht rudern, kann noch nicht segeln, kann noch nicht Fische fangen auf hoher See. 14 Jahre ist er alt, aus der Schule kommt er bald und er m\u00f6cht&#8216; so gern einmal &hellip; <\/p>\n<p class=\"link-more\"><a href=\"https:\/\/textschlampe.de\/?page_id=43\" class=\"more-link\"><span class=\"screen-reader-text\">\u201eDas kommt vom Rudern\u201c <\/span>weiterlesen<\/a><\/p>\n","protected":false},"author":1,"featured_media":0,"parent":0,"menu_order":0,"comment_status":"closed","ping_status":"closed","template":"","meta":{"footnotes":""},"class_list":["post-43","page","type-page","status-publish","hentry"],"_links":{"self":[{"href":"https:\/\/textschlampe.de\/index.php?rest_route=\/wp\/v2\/pages\/43","targetHints":{"allow":["GET"]}}],"collection":[{"href":"https:\/\/textschlampe.de\/index.php?rest_route=\/wp\/v2\/pages"}],"about":[{"href":"https:\/\/textschlampe.de\/index.php?rest_route=\/wp\/v2\/types\/page"}],"author":[{"embeddable":true,"href":"https:\/\/textschlampe.de\/index.php?rest_route=\/wp\/v2\/users\/1"}],"replies":[{"embeddable":true,"href":"https:\/\/textschlampe.de\/index.php?rest_route=%2Fwp%2Fv2%2Fcomments&post=43"}],"version-history":[{"count":2,"href":"https:\/\/textschlampe.de\/index.php?rest_route=\/wp\/v2\/pages\/43\/revisions"}],"predecessor-version":[{"id":46,"href":"https:\/\/textschlampe.de\/index.php?rest_route=\/wp\/v2\/pages\/43\/revisions\/46"}],"wp:attachment":[{"href":"https:\/\/textschlampe.de\/index.php?rest_route=%2Fwp%2Fv2%2Fmedia&parent=43"}],"curies":[{"name":"wp","href":"https:\/\/api.w.org\/{rel}","templated":true}]}}